{"id":2125,"date":"2023-08-02T17:27:32","date_gmt":"2023-08-02T17:27:32","guid":{"rendered":"http:\/\/mariusstoica.ro\/work\/domama\/?page_id=2125"},"modified":"2023-08-02T18:12:01","modified_gmt":"2023-08-02T18:12:01","slug":"siguranta","status":"publish","type":"page","link":"https:\/\/www.domama.ro\/wp\/siguranta\/","title":{"rendered":"Siguranta"},"content":{"rendered":"\t\t<div data-elementor-type=\"wp-page\" data-elementor-id=\"2125\" class=\"elementor elementor-2125\">\n\t\t\t\t\t\t<section class=\"elementor-section elementor-top-section elementor-element elementor-element-91901df elementor-section-boxed elementor-section-height-default elementor-section-height-default wpr-particle-no wpr-jarallax-no wpr-parallax-no wpr-sticky-section-no wpr-column-slider-no wpr-equal-height-no\" data-id=\"91901df\" data-element_type=\"section\" data-e-type=\"section\">\n\t\t\t\t\t\t<div class=\"elementor-container elementor-column-gap-default\">\n\t\t\t\t\t<div class=\"elementor-column elementor-col-100 elementor-top-column elementor-element elementor-element-9e07833\" data-id=\"9e07833\" data-element_type=\"column\" data-e-type=\"column\">\n\t\t\t<div class=\"elementor-widget-wrap elementor-element-populated\">\n\t\t\t\t\t\t<div class=\"elementor-element elementor-element-7f1f6ee elementor-widget elementor-widget-heading\" data-id=\"7f1f6ee\" data-element_type=\"widget\" data-e-type=\"widget\" data-widget_type=\"heading.default\">\n\t\t\t\t<div class=\"elementor-widget-container\">\n\t\t\t\t\t<h1 class=\"elementor-heading-title elementor-size-default\">C\u00e2t de sigure sunt uleiurile esen\u021biale?<\/h1>\t\t\t\t<\/div>\n\t\t\t\t<\/div>\n\t\t\t\t\t<\/div>\n\t\t<\/div>\n\t\t\t\t\t<\/div>\n\t\t<\/section>\n\t\t\t\t<section class=\"elementor-section elementor-top-section elementor-element elementor-element-5833877 elementor-section-full_width elementor-section-height-default elementor-section-height-default wpr-particle-no wpr-jarallax-no wpr-parallax-no wpr-sticky-section-no wpr-column-slider-no wpr-equal-height-no\" data-id=\"5833877\" data-element_type=\"section\" data-e-type=\"section\">\n\t\t\t\t\t\t<div class=\"elementor-container elementor-column-gap-default\">\n\t\t\t\t\t<div class=\"elementor-column elementor-col-100 elementor-top-column elementor-element elementor-element-a15438c\" data-id=\"a15438c\" data-element_type=\"column\" data-e-type=\"column\">\n\t\t\t<div class=\"elementor-widget-wrap elementor-element-populated\">\n\t\t\t\t\t\t<section class=\"elementor-section elementor-inner-section elementor-element elementor-element-c71e887 elementor-section-boxed elementor-section-height-default elementor-section-height-default wpr-particle-no wpr-jarallax-no wpr-parallax-no wpr-sticky-section-no wpr-column-slider-no wpr-equal-height-no\" data-id=\"c71e887\" data-element_type=\"section\" data-e-type=\"section\">\n\t\t\t\t\t\t<div class=\"elementor-container elementor-column-gap-default\">\n\t\t\t\t\t<div class=\"elementor-column elementor-col-50 elementor-inner-column elementor-element elementor-element-6ef70e1\" data-id=\"6ef70e1\" data-element_type=\"column\" data-e-type=\"column\">\n\t\t\t<div class=\"elementor-widget-wrap elementor-element-populated\">\n\t\t\t\t\t\t<div class=\"elementor-element elementor-element-2568d51 elementor-widget elementor-widget-image\" data-id=\"2568d51\" data-element_type=\"widget\" data-e-type=\"widget\" data-widget_type=\"image.default\">\n\t\t\t\t<div class=\"elementor-widget-container\">\n\t\t\t\t\t\t\t\t\t\t\t\t\t\t\t<img fetchpriority=\"high\" decoding=\"async\" width=\"450\" height=\"450\" src=\"https:\/\/www.domama.ro\/wp\/wp-content\/uploads\/2023\/08\/aromaterapia-doterra.jpg\" class=\"attachment-full size-full wp-image-2147\" alt=\"\" srcset=\"https:\/\/www.domama.ro\/wp\/wp-content\/uploads\/2023\/08\/aromaterapia-doterra.jpg 450w, https:\/\/www.domama.ro\/wp\/wp-content\/uploads\/2023\/08\/aromaterapia-doterra-300x300.jpg 300w, https:\/\/www.domama.ro\/wp\/wp-content\/uploads\/2023\/08\/aromaterapia-doterra-150x150.jpg 150w, https:\/\/www.domama.ro\/wp\/wp-content\/uploads\/2023\/08\/aromaterapia-doterra-100x100.jpg 100w\" sizes=\"(max-width: 450px) 100vw, 450px\" \/>\t\t\t\t\t\t\t\t\t\t\t\t\t\t\t<\/div>\n\t\t\t\t<\/div>\n\t\t\t\t\t<\/div>\n\t\t<\/div>\n\t\t\t\t<div class=\"elementor-column elementor-col-50 elementor-inner-column elementor-element elementor-element-b1b71df\" data-id=\"b1b71df\" data-element_type=\"column\" data-e-type=\"column\">\n\t\t\t<div class=\"elementor-widget-wrap elementor-element-populated\">\n\t\t\t\t\t\t<div class=\"elementor-element elementor-element-93a76e0 elementor-widget__width-initial elementor-widget elementor-widget-text-editor\" data-id=\"93a76e0\" data-element_type=\"widget\" data-e-type=\"widget\" data-widget_type=\"text-editor.default\">\n\t\t\t\t<div class=\"elementor-widget-container\">\n\t\t\t\t\t\t\t\t\t<p>\u00cen prezent, pe pia\u021b\u0103 exist\u0103 o mul\u021bime de m\u0103rci de uleiuri esen\u021biale. Nu numai c\u0103, exist\u0103 multe hack-uri \u0219i modalit\u0103\u021bi de utilizare pe pinterest, google etc etc. (\u00een special acele hack-uri se adreseaz\u0103 \u00een mod special anumitor uleiuri esen\u021biale de marc\u0103).<\/p><p>Dar, v\u0103 rug\u0103m s\u0103 re\u021bine\u021bi c\u0103 nu exist\u0103 o m\u0103rime universal\u0103. Dac\u0103 re\u021beta este potrivit\u0103 pentru acea marc\u0103, dar uleiurile pe care le folosi\u021bi poate sunt de la farmacii, nu \u00eencerca\u021bi niciodat\u0103 s\u0103 combina\u021bi mai multe m\u0103rci sau s\u0103 le amesteca\u021bi pe cont propriu folosind cele pe care le-a\u021bi achizi\u021bionat.<\/p>\t\t\t\t\t\t\t\t<\/div>\n\t\t\t\t<\/div>\n\t\t\t\t\t<\/div>\n\t\t<\/div>\n\t\t\t\t\t<\/div>\n\t\t<\/section>\n\t\t\t\t\t<\/div>\n\t\t<\/div>\n\t\t\t\t\t<\/div>\n\t\t<\/section>\n\t\t\t\t<section class=\"elementor-section elementor-top-section elementor-element elementor-element-41ee186 elementor-section-boxed elementor-section-height-default elementor-section-height-default wpr-particle-no wpr-jarallax-no wpr-parallax-no wpr-sticky-section-no wpr-column-slider-no wpr-equal-height-no\" data-id=\"41ee186\" data-element_type=\"section\" data-e-type=\"section\">\n\t\t\t\t\t\t<div class=\"elementor-container elementor-column-gap-default\">\n\t\t\t\t\t<div class=\"elementor-column elementor-col-100 elementor-top-column elementor-element elementor-element-0596118\" data-id=\"0596118\" data-element_type=\"column\" data-e-type=\"column\">\n\t\t\t<div class=\"elementor-widget-wrap elementor-element-populated\">\n\t\t\t\t\t\t<div class=\"elementor-element elementor-element-fb0df17 elementor-widget elementor-widget-text-editor\" data-id=\"fb0df17\" data-element_type=\"widget\" data-e-type=\"widget\" data-widget_type=\"text-editor.default\">\n\t\t\t\t<div class=\"elementor-widget-container\">\n\t\t\t\t\t\t\t\t\t<p>Inutil s\u0103 v\u0103 men\u021bionez c\u0103 componentele din uleiurile esen\u021biale pot fi diferite, f\u0103c\u00e2ndu-l astfel inadecvat pentru amestecuri sau chiar aplicarea pe piele. Nu \u0219tim niciodat\u0103 care sunt consecin\u021bele amestec\u0103rii acestuia \u0219i dac\u0103 ve\u021bi avea efecte secundare din cauza acestuia.<\/p><p>S-ar putea s\u0103 exagerez, dar vreau s\u0103 trimit un memento bl\u00e2nd, \u00een special celor \u00eencep\u0103tori care doar folosesc uleiurile esen\u021biale. Cunoa\u0219te-\u021bi uleiurile. Cunoa\u0219te-\u021bi sursa. Cite\u015fte mai mult. Leag\u0103 o prietenie bazat\u0103 pe \u00eenv\u0103\u021barea reciproc\u0103, ascultare, cu cel care \u0219tie mai bine \u0219i \u00ee\u021bi este \u00eendrum\u0103tor. Conecta\u021bi mai multe resurse cu privire la marca de ulei pe care o cump\u0103ra\u021bi. Puritatea este cea mai important\u0103. Curat\u0103 trebuie s\u0103 ne fie hrana, iar uleiurile esen\u021biale le putem \u00eencadra aici.<\/p><p>Dac\u0103 sim\u021bi c\u0103 acele m\u0103rci de farmacie sunt suficient de bune pentru tine \u0219i crezi c\u0103 meri\u021bi asta, a\u0219a s\u0103 fie. Urm\u0103re\u0219te-\u021bi \u00eens\u0103 evolu\u021bia \u0219i dac\u0103 ceva nepotrivit se \u00eent\u00e2mpl\u0103, s\u0103 le opre\u0219ti imediat. Pur \u0219i simplu nu amesteca\u021bi m\u0103rcile \u0219i nu le acorda\u021bi aceea\u0219i credibilitate \u00een puritate. Iar c\u00e2nd nu func\u021bioneaz\u0103, nu da\u021bi vina pe re\u021bete, formule sau s\u0103 zice\u021bi c\u0103 folosirea uleiului esen\u021bial este o \u00een\u0219el\u0103torie. Nu este. Voi trebuie s\u0103 fi\u021bi cei care v\u0103 cuno\u0219te\u021bi cel mai bine corpul \u0219i reac\u021biile lui, iar restul v\u0103 sunt ghizi complementari. Sprijin acord\u0103m aici constant, dar deciziile le lua\u021bi voi pentru voi.<\/p><p>Cercetarile privind uleiurile esentiale prezinta foarte pu\u021bine efecte secundare sau riscuri atunci cand sunt utilizate conform instructiunilor, prezentate \u00een graficul de dilu\u021bii de mai jos. Cele mai multe uleiuri esentiale au fost aprobate ca ingrediente \u00een alimente \u0219i parfumuri. Ele sunt etichetate GRAS (\u201egenerally recognized as safe\u201d \u2013 recunoscute \u00een general ca fiind sigure) de catre FDA (U.S. Food and Drug Administration), iar cele de la DoTerra sunt prezente pe lista de la Cologne ca fiind produse curate. Cologne List\u00ae este un program interna\u021bional de management al calit\u0103\u021bii care utilizeaz\u0103 controale independente ale produselor pentru a minimiza riscul de a include substan\u021be interzise sau relevante pentru dopaj \u00een suplimentele alimentare. Cologne List\u00ae ofer\u0103 orientare \u0219i o mai mare siguran\u021b\u0103 pentru sportivii de test de bazin, precum \u0219i pentru sportivii amatori \u0219i recreativi, dar poate fi \u0219i un bun ghid pentru utilizatorii europeni.<\/p><p><strong>\u00cen general, nu se recomanda administrarea interna, ingerarea unor cantitati mari de uleiuri esentiale.<\/strong><\/p><p>Reactiile alergice si iritarea pielii pot aparea atunci cand uleiurile esentiale sunt \u00een contact cu pielea pentru perioade lungi de timp. Sensibilitatea la soare poate sa apara atunci cand citrice sau alte uleiuri esentiale sunt aplicate pe piele \u00eenainte de a iesi la soare (fotosensibilitate sau fototoxicitate). V\u0103 punem la dispozi\u021bie un grafic cu produsele doTerra care au grad ridicat de fotosensibilitate \u0219i pe care este bine s\u0103 le evita\u021bi cu 12h sau 24h \u00eenainte de expunerea la soare sau ca s\u0103 \u0219ti\u021bi \u0219i s\u0103 acoperi\u021bi bine zonele respective de piele. Fotosensibilitate poate provoca modificari ale pigmentarii si arsuri ale pielii daca zona \u00een care a fost aplicat uleiul este expus\u0103 la radiatii UV: lumina soarelui, cabina de bronzat. Uleiurile cu cel mai mare grad de fotosensibilitate sunt cele citrice, cum ar fi lamaie, grapefruit, bergamot, portocala. Verificati graficul de referinta de mai jos cu privire la uleiurile esentiale care pot provoca v\u0103t\u0103m\u0103ri pielii. Expunerea poate fi f\u0103cut\u0103 dup\u0103 24 ore de la utilizarea uleiului esen\u021bial pur.<\/p>\t\t\t\t\t\t\t\t<\/div>\n\t\t\t\t<\/div>\n\t\t\t\t\t<\/div>\n\t\t<\/div>\n\t\t\t\t\t<\/div>\n\t\t<\/section>\n\t\t\t\t<section class=\"elementor-section elementor-top-section elementor-element elementor-element-37ee329 elementor-section-boxed elementor-section-height-default elementor-section-height-default wpr-particle-no wpr-jarallax-no wpr-parallax-no wpr-sticky-section-no wpr-column-slider-no wpr-equal-height-no\" data-id=\"37ee329\" data-element_type=\"section\" data-e-type=\"section\">\n\t\t\t\t\t\t<div class=\"elementor-container elementor-column-gap-default\">\n\t\t\t\t\t<div class=\"elementor-column elementor-col-100 elementor-top-column elementor-element elementor-element-dc6e563\" data-id=\"dc6e563\" data-element_type=\"column\" data-e-type=\"column\">\n\t\t\t<div class=\"elementor-widget-wrap elementor-element-populated\">\n\t\t\t\t\t\t<div class=\"elementor-element elementor-element-1cd0f60 elementor-widget elementor-widget-image\" data-id=\"1cd0f60\" data-element_type=\"widget\" data-e-type=\"widget\" data-widget_type=\"image.default\">\n\t\t\t\t<div class=\"elementor-widget-container\">\n\t\t\t\t\t\t\t\t\t\t\t\t\t\t\t<img decoding=\"async\" width=\"1440\" height=\"1019\" src=\"https:\/\/www.domama.ro\/wp\/wp-content\/uploads\/2023\/08\/siguranta-doterra1.jpg.png\" class=\"attachment-full size-full wp-image-2131\" alt=\"\" srcset=\"https:\/\/www.domama.ro\/wp\/wp-content\/uploads\/2023\/08\/siguranta-doterra1.jpg.png 1440w, https:\/\/www.domama.ro\/wp\/wp-content\/uploads\/2023\/08\/siguranta-doterra1.jpg-300x212.png 300w, https:\/\/www.domama.ro\/wp\/wp-content\/uploads\/2023\/08\/siguranta-doterra1.jpg-1024x725.png 1024w, https:\/\/www.domama.ro\/wp\/wp-content\/uploads\/2023\/08\/siguranta-doterra1.jpg-768x543.png 768w, https:\/\/www.domama.ro\/wp\/wp-content\/uploads\/2023\/08\/siguranta-doterra1.jpg-600x425.png 600w\" sizes=\"(max-width: 1440px) 100vw, 1440px\" \/>\t\t\t\t\t\t\t\t\t\t\t\t\t\t\t<\/div>\n\t\t\t\t<\/div>\n\t\t\t\t\t<\/div>\n\t\t<\/div>\n\t\t\t\t\t<\/div>\n\t\t<\/section>\n\t\t\t\t<section class=\"elementor-section elementor-top-section elementor-element elementor-element-d3cd83c elementor-section-boxed elementor-section-height-default elementor-section-height-default wpr-particle-no wpr-jarallax-no wpr-parallax-no wpr-sticky-section-no wpr-column-slider-no wpr-equal-height-no\" data-id=\"d3cd83c\" data-element_type=\"section\" data-e-type=\"section\">\n\t\t\t\t\t\t<div class=\"elementor-container elementor-column-gap-default\">\n\t\t\t\t\t<div class=\"elementor-column elementor-col-100 elementor-top-column elementor-element elementor-element-c03e04e\" data-id=\"c03e04e\" data-element_type=\"column\" data-e-type=\"column\">\n\t\t\t<div class=\"elementor-widget-wrap elementor-element-populated\">\n\t\t\t\t\t\t<div class=\"elementor-element elementor-element-55ad2e8 elementor-widget elementor-widget-heading\" data-id=\"55ad2e8\" data-element_type=\"widget\" data-e-type=\"widget\" data-widget_type=\"heading.default\">\n\t\t\t\t<div class=\"elementor-widget-container\">\n\t\t\t\t\t<h2 class=\"elementor-heading-title elementor-size-default\">Ghid Diluare Uleiuri Esen\u021biale<\/h2>\t\t\t\t<\/div>\n\t\t\t\t<\/div>\n\t\t\t\t\t<\/div>\n\t\t<\/div>\n\t\t\t\t\t<\/div>\n\t\t<\/section>\n\t\t\t\t<section class=\"elementor-section elementor-top-section elementor-element elementor-element-e6c8058 elementor-section-boxed elementor-section-height-default elementor-section-height-default wpr-particle-no wpr-jarallax-no wpr-parallax-no wpr-sticky-section-no wpr-column-slider-no wpr-equal-height-no\" data-id=\"e6c8058\" data-element_type=\"section\" data-e-type=\"section\">\n\t\t\t\t\t\t<div class=\"elementor-container elementor-column-gap-default\">\n\t\t\t\t\t<div class=\"elementor-column elementor-col-100 elementor-top-column elementor-element elementor-element-96358b3\" data-id=\"96358b3\" data-element_type=\"column\" data-e-type=\"column\">\n\t\t\t<div class=\"elementor-widget-wrap elementor-element-populated\">\n\t\t\t\t\t\t<div class=\"elementor-element elementor-element-8248c3e elementor-widget elementor-widget-image\" data-id=\"8248c3e\" data-element_type=\"widget\" data-e-type=\"widget\" data-widget_type=\"image.default\">\n\t\t\t\t<div class=\"elementor-widget-container\">\n\t\t\t\t\t\t\t\t\t\t\t\t\t\t\t<img decoding=\"async\" width=\"843\" height=\"1191\" src=\"https:\/\/www.domama.ro\/wp\/wp-content\/uploads\/2023\/08\/ghid-diluare-uleiuri-esentiale.png\" class=\"attachment-full size-full wp-image-2136\" alt=\"ghid diluare uleiuri esentiale\" srcset=\"https:\/\/www.domama.ro\/wp\/wp-content\/uploads\/2023\/08\/ghid-diluare-uleiuri-esentiale.png 843w, https:\/\/www.domama.ro\/wp\/wp-content\/uploads\/2023\/08\/ghid-diluare-uleiuri-esentiale-212x300.png 212w, https:\/\/www.domama.ro\/wp\/wp-content\/uploads\/2023\/08\/ghid-diluare-uleiuri-esentiale-725x1024.png 725w, https:\/\/www.domama.ro\/wp\/wp-content\/uploads\/2023\/08\/ghid-diluare-uleiuri-esentiale-768x1085.png 768w, https:\/\/www.domama.ro\/wp\/wp-content\/uploads\/2023\/08\/ghid-diluare-uleiuri-esentiale-600x848.png 600w\" sizes=\"(max-width: 843px) 100vw, 843px\" \/>\t\t\t\t\t\t\t\t\t\t\t\t\t\t\t<\/div>\n\t\t\t\t<\/div>\n\t\t\t\t\t<\/div>\n\t\t<\/div>\n\t\t\t\t\t<\/div>\n\t\t<\/section>\n\t\t\t\t<section class=\"elementor-section elementor-top-section elementor-element elementor-element-5558fe1 elementor-section-boxed elementor-section-height-default elementor-section-height-default wpr-particle-no wpr-jarallax-no wpr-parallax-no wpr-sticky-section-no wpr-column-slider-no wpr-equal-height-no\" data-id=\"5558fe1\" data-element_type=\"section\" data-e-type=\"section\">\n\t\t\t\t\t\t<div class=\"elementor-container elementor-column-gap-default\">\n\t\t\t\t\t<div class=\"elementor-column elementor-col-100 elementor-top-column elementor-element elementor-element-e434e5b\" data-id=\"e434e5b\" data-element_type=\"column\" data-e-type=\"column\">\n\t\t\t<div class=\"elementor-widget-wrap elementor-element-populated\">\n\t\t\t\t\t\t<div class=\"elementor-element elementor-element-d7e676d elementor-widget elementor-widget-text-editor\" data-id=\"d7e676d\" data-element_type=\"widget\" data-e-type=\"widget\" data-widget_type=\"text-editor.default\">\n\t\t\t\t<div class=\"elementor-widget-container\">\n\t\t\t\t\t\t\t\t\t<p>Doterra ofer\u0103 instruc\u021biuni de folosire \u00een siguran\u021b\u0103 aici. <a href=\"https:\/\/www.doterra.com\/RO\/ro_RO\/using-essential-oils\">https:\/\/www.doterra.com\/RO\/ro_RO\/using-essential-oils<\/a><\/p>\t\t\t\t\t\t\t\t<\/div>\n\t\t\t\t<\/div>\n\t\t\t\t\t<\/div>\n\t\t<\/div>\n\t\t\t\t\t<\/div>\n\t\t<\/section>\n\t\t\t\t<\/div>\n\t\t","protected":false},"excerpt":{"rendered":"<p>C\u00e2t de sigure sunt uleiurile esen\u021biale? \u00cen prezent, pe pia\u021b\u0103 exist\u0103 o mul\u021bime de m\u0103rci de uleiuri esen\u021biale. Nu numai c\u0103, exist\u0103 multe hack-uri \u0219i modalit\u0103\u021bi de utilizare pe pinterest, google etc etc. (\u00een special acele hack-uri se adreseaz\u0103 \u00een mod special anumitor uleiuri esen\u021biale de marc\u0103). Dar, v\u0103 rug\u0103m s\u0103 re\u021bine\u021bi c\u0103 nu exist\u0103 o m\u0103rime universal\u0103. Dac\u0103 re\u021beta este potrivit\u0103 pentru acea marc\u0103, dar uleiurile pe care le folosi\u021bi poate sunt de la farmacii, nu \u00eencerca\u021bi niciodat\u0103 s\u0103 combina\u021bi mai multe m\u0103rci sau s\u0103 le amesteca\u021bi pe cont propriu folosind cele pe care le-a\u021bi achizi\u021bionat. Inutil s\u0103 v\u0103 men\u021bionez c\u0103 componentele din uleiurile esen\u021biale pot fi diferite, f\u0103c\u00e2ndu-l astfel inadecvat pentru amestecuri sau chiar aplicarea pe piele. Nu \u0219tim niciodat\u0103 care sunt consecin\u021bele amestec\u0103rii acestuia \u0219i dac\u0103 ve\u021bi avea efecte secundare din cauza acestuia. S-ar putea s\u0103 exagerez, dar vreau s\u0103 trimit un memento bl\u00e2nd, \u00een special celor \u00eencep\u0103tori care doar folosesc uleiurile esen\u021biale. Cunoa\u0219te-\u021bi uleiurile. Cunoa\u0219te-\u021bi sursa. Cite\u015fte mai mult. Leag\u0103 o prietenie bazat\u0103 pe \u00eenv\u0103\u021barea reciproc\u0103, ascultare, cu cel care \u0219tie mai bine \u0219i \u00ee\u021bi este \u00eendrum\u0103tor. Conecta\u021bi mai multe resurse cu privire la marca de ulei pe care o cump\u0103ra\u021bi. Puritatea este cea mai important\u0103. Curat\u0103 trebuie s\u0103 ne fie hrana, iar uleiurile esen\u021biale le putem \u00eencadra aici. Dac\u0103 sim\u021bi c\u0103 acele m\u0103rci de farmacie sunt suficient de bune pentru tine \u0219i crezi c\u0103 meri\u021bi asta, a\u0219a s\u0103 fie. Urm\u0103re\u0219te-\u021bi \u00eens\u0103 evolu\u021bia \u0219i dac\u0103 ceva nepotrivit se \u00eent\u00e2mpl\u0103, s\u0103 le opre\u0219ti imediat. Pur \u0219i simplu nu amesteca\u021bi m\u0103rcile \u0219i nu le acorda\u021bi aceea\u0219i credibilitate \u00een puritate. Iar c\u00e2nd nu func\u021bioneaz\u0103, nu da\u021bi vina pe re\u021bete, formule sau s\u0103 zice\u021bi c\u0103 folosirea uleiului esen\u021bial este o \u00een\u0219el\u0103torie. Nu este. Voi trebuie s\u0103 fi\u021bi cei care v\u0103 cuno\u0219te\u021bi cel mai bine corpul \u0219i reac\u021biile lui, iar restul v\u0103 sunt ghizi complementari. Sprijin acord\u0103m aici constant, dar deciziile le lua\u021bi voi pentru voi. Cercetarile privind uleiurile esentiale prezinta foarte pu\u021bine efecte secundare sau riscuri atunci cand sunt utilizate conform instructiunilor, prezentate \u00een graficul de dilu\u021bii de mai jos. Cele mai multe uleiuri esentiale au fost aprobate ca ingrediente \u00een alimente \u0219i parfumuri. Ele sunt etichetate GRAS (\u201egenerally recognized as safe\u201d \u2013 recunoscute \u00een general ca fiind sigure) de catre FDA (U.S. Food and Drug Administration), iar cele de la DoTerra sunt prezente pe lista de la Cologne ca fiind produse curate. Cologne List\u00ae este un program interna\u021bional de management al calit\u0103\u021bii care utilizeaz\u0103 controale independente ale produselor pentru a minimiza riscul de a include substan\u021be interzise sau relevante pentru dopaj \u00een suplimentele alimentare. Cologne List\u00ae ofer\u0103 orientare \u0219i o mai mare siguran\u021b\u0103 pentru sportivii de test de bazin, precum \u0219i pentru sportivii amatori \u0219i recreativi, dar poate fi \u0219i un bun ghid pentru utilizatorii europeni. \u00cen general, nu se recomanda administrarea interna, ingerarea unor cantitati mari de uleiuri esentiale. Reactiile alergice si iritarea pielii pot aparea atunci cand uleiurile esentiale sunt \u00een contact cu pielea pentru perioade lungi de timp. Sensibilitatea la soare poate sa apara atunci cand citrice sau alte uleiuri esentiale sunt aplicate pe piele \u00eenainte de a iesi la soare (fotosensibilitate sau fototoxicitate). V\u0103 punem la dispozi\u021bie un grafic cu produsele doTerra care au grad ridicat de fotosensibilitate \u0219i pe care este bine s\u0103 le evita\u021bi cu 12h sau 24h \u00eenainte de expunerea la soare sau ca s\u0103 \u0219ti\u021bi \u0219i s\u0103 acoperi\u021bi bine zonele respective de piele. Fotosensibilitate poate provoca modificari ale pigmentarii si arsuri ale pielii daca zona \u00een care a fost aplicat uleiul este expus\u0103 la radiatii UV: lumina soarelui, cabina de bronzat. Uleiurile cu cel mai mare grad de fotosensibilitate sunt cele citrice, cum ar fi lamaie, grapefruit, bergamot, portocala. Verificati graficul de referinta de mai jos cu privire la uleiurile esentiale care pot provoca v\u0103t\u0103m\u0103ri pielii. Expunerea poate fi f\u0103cut\u0103 dup\u0103 24 ore de la utilizarea uleiului esen\u021bial pur. Ghid Diluare Uleiuri Esen\u021biale Doterra ofer\u0103 instruc\u021biuni de folosire \u00een siguran\u021b\u0103 aici. http:\/\/www.doterra.com\/RO\/ro_RO\/using-essential-oils<\/p>\n","protected":false},"author":1,"featured_media":0,"parent":0,"menu_order":0,"comment_status":"closed","ping_status":"closed","template":"","meta":{"footnotes":""},"class_list":["post-2125","page","type-page","status-publish","hentry"],"_links":{"self":[{"href":"https:\/\/www.domama.ro\/wp\/wp-json\/wp\/v2\/pages\/2125"}],"collection":[{"href":"https:\/\/www.domama.ro\/wp\/wp-json\/wp\/v2\/pages"}],"about":[{"href":"https:\/\/www.domama.ro\/wp\/wp-json\/wp\/v2\/types\/page"}],"author":[{"embeddable":true,"href":"https:\/\/www.domama.ro\/wp\/wp-json\/wp\/v2\/users\/1"}],"replies":[{"embeddable":true,"href":"https:\/\/www.domama.ro\/wp\/wp-json\/wp\/v2\/comments?post=2125"}],"version-history":[{"count":25,"href":"https:\/\/www.domama.ro\/wp\/wp-json\/wp\/v2\/pages\/2125\/revisions"}],"predecessor-version":[{"id":2156,"href":"https:\/\/www.domama.ro\/wp\/wp-json\/wp\/v2\/pages\/2125\/revisions\/2156"}],"wp:attachment":[{"href":"https:\/\/www.domama.ro\/wp\/wp-json\/wp\/v2\/media?parent=2125"}],"curies":[{"name":"wp","href":"https:\/\/api.w.org\/{rel}","templated":true}]}}