{"id":3668,"date":"2023-10-27T09:17:57","date_gmt":"2023-10-27T09:17:57","guid":{"rendered":"http:\/\/3.65.58.232\/wp\/?page_id=3668"},"modified":"2023-10-27T09:27:29","modified_gmt":"2023-10-27T09:27:29","slug":"raluca-chirila","status":"publish","type":"page","link":"https:\/\/www.domama.ro\/wp\/raluca-chirila\/","title":{"rendered":"Raluca Chirila"},"content":{"rendered":"\t\t<div data-elementor-type=\"wp-page\" data-elementor-id=\"3668\" class=\"elementor elementor-3668\">\n\t\t\t\t\t\t<section class=\"elementor-section elementor-top-section elementor-element elementor-element-ff0965c elementor-section-boxed elementor-section-height-default elementor-section-height-default wpr-particle-no wpr-jarallax-no wpr-parallax-no wpr-sticky-section-no wpr-column-slider-no wpr-equal-height-no\" data-id=\"ff0965c\" data-element_type=\"section\" data-e-type=\"section\" data-settings=\"{&quot;background_background&quot;:&quot;classic&quot;}\">\n\t\t\t\t\t\t<div class=\"elementor-container elementor-column-gap-default\">\n\t\t\t\t\t<div class=\"elementor-column elementor-col-100 elementor-top-column elementor-element elementor-element-8d167de\" data-id=\"8d167de\" data-element_type=\"column\" data-e-type=\"column\">\n\t\t\t<div class=\"elementor-widget-wrap elementor-element-populated\">\n\t\t\t\t\t\t<section class=\"elementor-section elementor-inner-section elementor-element elementor-element-06a52cb elementor-section-boxed elementor-section-height-default elementor-section-height-default wpr-particle-no wpr-jarallax-no wpr-parallax-no wpr-sticky-section-no wpr-column-slider-no wpr-equal-height-no\" data-id=\"06a52cb\" data-element_type=\"section\" data-e-type=\"section\">\n\t\t\t\t\t\t<div class=\"elementor-container elementor-column-gap-default\">\n\t\t\t\t\t<div class=\"elementor-column elementor-col-50 elementor-inner-column elementor-element elementor-element-72bc103\" data-id=\"72bc103\" data-element_type=\"column\" data-e-type=\"column\">\n\t\t\t<div class=\"elementor-widget-wrap elementor-element-populated\">\n\t\t\t\t\t\t<div class=\"elementor-element elementor-element-d0e58f4 elementor-widget elementor-widget-image\" data-id=\"d0e58f4\" data-element_type=\"widget\" data-e-type=\"widget\" data-widget_type=\"image.default\">\n\t\t\t\t<div class=\"elementor-widget-container\">\n\t\t\t\t\t\t\t\t\t\t\t\t\t\t\t<img fetchpriority=\"high\" decoding=\"async\" width=\"350\" height=\"350\" src=\"https:\/\/www.domama.ro\/wp\/wp-content\/uploads\/2023\/09\/raluca-chirila.jpg\" class=\"attachment-full size-full wp-image-2682\" alt=\"\" srcset=\"https:\/\/www.domama.ro\/wp\/wp-content\/uploads\/2023\/09\/raluca-chirila.jpg 350w, https:\/\/www.domama.ro\/wp\/wp-content\/uploads\/2023\/09\/raluca-chirila-300x300.jpg 300w, https:\/\/www.domama.ro\/wp\/wp-content\/uploads\/2023\/09\/raluca-chirila-150x150.jpg 150w, https:\/\/www.domama.ro\/wp\/wp-content\/uploads\/2023\/09\/raluca-chirila-100x100.jpg 100w\" sizes=\"(max-width: 350px) 100vw, 350px\" \/>\t\t\t\t\t\t\t\t\t\t\t\t\t\t\t<\/div>\n\t\t\t\t<\/div>\n\t\t\t\t\t<\/div>\n\t\t<\/div>\n\t\t\t\t<div class=\"elementor-column elementor-col-50 elementor-inner-column elementor-element elementor-element-b02fe3d\" data-id=\"b02fe3d\" data-element_type=\"column\" data-e-type=\"column\">\n\t\t\t<div class=\"elementor-widget-wrap elementor-element-populated\">\n\t\t\t\t\t\t<div class=\"elementor-element elementor-element-edeb98d elementor-widget elementor-widget-image\" data-id=\"edeb98d\" data-element_type=\"widget\" data-e-type=\"widget\" data-widget_type=\"image.default\">\n\t\t\t\t<div class=\"elementor-widget-container\">\n\t\t\t\t\t\t\t\t\t\t\t\t\t\t\t<img decoding=\"async\" width=\"450\" height=\"114\" src=\"https:\/\/www.domama.ro\/wp\/wp-content\/uploads\/2023\/10\/logo-raluca-chirila.png\" class=\"attachment-full size-full wp-image-3670\" alt=\"Raluca Chirila\" srcset=\"https:\/\/www.domama.ro\/wp\/wp-content\/uploads\/2023\/10\/logo-raluca-chirila.png 450w, https:\/\/www.domama.ro\/wp\/wp-content\/uploads\/2023\/10\/logo-raluca-chirila-300x76.png 300w\" sizes=\"(max-width: 450px) 100vw, 450px\" \/>\t\t\t\t\t\t\t\t\t\t\t\t\t\t\t<\/div>\n\t\t\t\t<\/div>\n\t\t\t\t<div class=\"elementor-element elementor-element-ee657ce elementor-widget elementor-widget-text-editor\" data-id=\"ee657ce\" data-element_type=\"widget\" data-e-type=\"widget\" data-widget_type=\"text-editor.default\">\n\t\t\t\t<div class=\"elementor-widget-container\">\n\t\t\t\t\t\t\t\t\t<p><em>Educator \u00een Aromaterapie d\u014dTERRA<\/em><\/p>\t\t\t\t\t\t\t\t<\/div>\n\t\t\t\t<\/div>\n\t\t\t\t<div class=\"elementor-element elementor-element-6462762 elementor-widget__width-initial elementor-widget elementor-widget-text-editor\" data-id=\"6462762\" data-element_type=\"widget\" data-e-type=\"widget\" data-widget_type=\"text-editor.default\">\n\t\t\t\t<div class=\"elementor-widget-container\">\n\t\t\t\t\t\t\t\t\t<p>Violonist\u0103, instructoare de fitness, iubitoare de uleiuri esen\u021biale doTerra, z\u00e2mbitoare \u0219i sociabil\u0103, \u00eencrez\u0103toare c\u0103 pot, dar \u0219i c\u0103 voi pute\u021bi s\u0103 ave\u021bi via\u021ba pe care o dori\u021bi<\/p>\t\t\t\t\t\t\t\t<\/div>\n\t\t\t\t<\/div>\n\t\t\t\t<div class=\"elementor-element elementor-element-bcc90b0 elementor-widget elementor-widget-text-editor\" data-id=\"bcc90b0\" data-element_type=\"widget\" data-e-type=\"widget\" data-widget_type=\"text-editor.default\">\n\t\t\t\t<div class=\"elementor-widget-container\">\n\t\t\t\t\t\t\t\t\t<p><strong><a href=\"https:\/\/shop.doterra.com\/RO\/en_RO\/create-account\/?EnrollerID=3883096\" data-wplink-edit=\"true\"><span style=\"color: #f9461d;\">Profil d\u014dTERRA<\/span><\/a>\u00a0 \u00a0|\u00a0 <a href=\"#\"><span style=\"color: #f9461d;\">Articole<\/span><\/a><\/strong>\u00a0 | ID doTERRA: 3883098<\/p>\t\t\t\t\t\t\t\t<\/div>\n\t\t\t\t<\/div>\n\t\t\t\t\t<\/div>\n\t\t<\/div>\n\t\t\t\t\t<\/div>\n\t\t<\/section>\n\t\t\t\t\t<\/div>\n\t\t<\/div>\n\t\t\t\t\t<\/div>\n\t\t<\/section>\n\t\t\t\t<section class=\"elementor-section elementor-top-section elementor-element elementor-element-7bcdee9 elementor-section-boxed elementor-section-height-default elementor-section-height-default wpr-particle-no wpr-jarallax-no wpr-parallax-no wpr-sticky-section-no wpr-column-slider-no wpr-equal-height-no\" data-id=\"7bcdee9\" data-element_type=\"section\" data-e-type=\"section\">\n\t\t\t\t\t\t<div class=\"elementor-container elementor-column-gap-default\">\n\t\t\t\t\t<div class=\"elementor-column elementor-col-100 elementor-top-column elementor-element elementor-element-73fa36c\" data-id=\"73fa36c\" data-element_type=\"column\" data-e-type=\"column\">\n\t\t\t<div class=\"elementor-widget-wrap elementor-element-populated\">\n\t\t\t\t\t\t<div class=\"elementor-element elementor-element-fa8467c elementor-widget elementor-widget-heading\" data-id=\"fa8467c\" data-element_type=\"widget\" data-e-type=\"widget\" data-widget_type=\"heading.default\">\n\t\t\t\t<div class=\"elementor-widget-container\">\n\t\t\t\t\t<h3 class=\"elementor-heading-title elementor-size-default\">Bine ai venit!<\/h3>\t\t\t\t<\/div>\n\t\t\t\t<\/div>\n\t\t\t\t\t<\/div>\n\t\t<\/div>\n\t\t\t\t\t<\/div>\n\t\t<\/section>\n\t\t\t\t<section class=\"elementor-section elementor-top-section elementor-element elementor-element-fc996cb elementor-section-boxed elementor-section-height-default elementor-section-height-default wpr-particle-no wpr-jarallax-no wpr-parallax-no wpr-sticky-section-no wpr-column-slider-no wpr-equal-height-no\" data-id=\"fc996cb\" data-element_type=\"section\" data-e-type=\"section\">\n\t\t\t\t\t\t<div class=\"elementor-container elementor-column-gap-default\">\n\t\t\t\t\t<div class=\"elementor-column elementor-col-100 elementor-top-column elementor-element elementor-element-7234e60\" data-id=\"7234e60\" data-element_type=\"column\" data-e-type=\"column\">\n\t\t\t<div class=\"elementor-widget-wrap elementor-element-populated\">\n\t\t\t\t\t\t<div class=\"elementor-element elementor-element-a2e9978 elementor-widget elementor-widget-text-editor\" data-id=\"a2e9978\" data-element_type=\"widget\" data-e-type=\"widget\" data-widget_type=\"text-editor.default\">\n\t\t\t\t<div class=\"elementor-widget-container\">\n\t\t\t\t\t\t\t\t\t<p>Bun\u0103 dragilor, numele meu este Chirila Raluca! Acesta este spa\u021biul meu dedicat \u00een care am g\u0103sit modali\u021b\u0103\u021bi unice de a combina aceste pasiuni si de a aduce beneficii semnificative lumii din jurul meu. Obiectivul meu este de a te ajuta sa te men\u021bii s\u0103n\u0103tos, de a-\u021bi \u00eembun\u0103t\u0103\u021bi condi\u021bia fizic\u0103 pentru a te sim\u021bi bine in propriul corp. \u00ce\u021bi voi insufla entuziasmul, bucuria pentru mi\u0219care \u0219i te voi ajuta s\u0103 \u021bi descoperi adev\u0103ratul poten\u021bial! Muzica face parte din via\u021ba mea. Aceasta \u00eei d\u0103 o not\u0103 de pasiune, frumuse\u021be \u0219i m\u0103 ajut\u0103 s\u0103 m\u0103 conectez la emo\u021bii profunde! Ca violonist\u0103 sper s\u0103 v\u0103 pot inspira prin sunete \u0219i aceast\u0103 muzic\u0103 minunat\u0103. Prin pasiunea mea pentru uleiurile esen\u021biale Doterra am descoperit puterea naturii de a sus\u021bine s\u0103n\u0103tatea \u0219i bun\u0103starea noastr\u0103. \u00cemi doresc s\u0103 \u00eemparta\u0219esc aceste pasiuni \u0219i cuno\u0219tin\u021be cu voi, oferindu v\u0103 produse de cea mai \u00eenalt\u0103 calitate \u0219i sfaturi utile. \u00cempreun\u0103 ne putem transforma vie\u021bile aduc\u00e2nd frumuse\u021be si armonie in jurul nostru. V\u0103 invit sa explora\u021bi paginile mele \u0219i s\u0103 v\u0103 al\u0103tura\u021bi acestei c\u0103l\u0103torii minunate c\u0103tre s\u0103n\u0103tate, echilibru \u0219i muzic\u0103.<\/p>\t\t\t\t\t\t\t\t<\/div>\n\t\t\t\t<\/div>\n\t\t\t\t<div class=\"elementor-element elementor-element-217f631 elementor-align-center elementor-widget elementor-widget-button\" data-id=\"217f631\" data-element_type=\"widget\" data-e-type=\"widget\" data-widget_type=\"button.default\">\n\t\t\t\t<div class=\"elementor-widget-container\">\n\t\t\t\t\t\t\t\t\t<div class=\"elementor-button-wrapper\">\n\t\t\t\t\t<a class=\"elementor-button elementor-button-link elementor-size-lg\" href=\"https:\/\/shop.doterra.com\/RO\/en_RO\/create-account\/?EnrollerID=3883096\">\n\t\t\t\t\t\t<span class=\"elementor-button-content-wrapper\">\n\t\t\t\t\t\t\t\t\t<span class=\"elementor-button-text\">Cump\u0103r\u0103 Produse doTERRA<\/span>\n\t\t\t\t\t<\/span>\n\t\t\t\t\t<\/a>\n\t\t\t\t<\/div>\n\t\t\t\t\t\t\t\t<\/div>\n\t\t\t\t<\/div>\n\t\t\t\t\t<\/div>\n\t\t<\/div>\n\t\t\t\t\t<\/div>\n\t\t<\/section>\n\t\t\t\t<section class=\"elementor-section elementor-top-section elementor-element elementor-element-a0b1988 elementor-section-boxed elementor-section-height-default elementor-section-height-default wpr-particle-no wpr-jarallax-no wpr-parallax-no wpr-sticky-section-no wpr-column-slider-no wpr-equal-height-no\" data-id=\"a0b1988\" data-element_type=\"section\" data-e-type=\"section\">\n\t\t\t\t\t\t<div class=\"elementor-container elementor-column-gap-default\">\n\t\t\t\t\t<div class=\"elementor-column elementor-col-25 elementor-top-column elementor-element elementor-element-313ccaf\" data-id=\"313ccaf\" data-element_type=\"column\" data-e-type=\"column\">\n\t\t\t<div class=\"elementor-widget-wrap elementor-element-populated\">\n\t\t\t\t\t\t<div class=\"elementor-element elementor-element-3ba808d elementor-widget elementor-widget-image\" data-id=\"3ba808d\" data-element_type=\"widget\" data-e-type=\"widget\" data-widget_type=\"image.default\">\n\t\t\t\t<div class=\"elementor-widget-container\">\n\t\t\t\t\t\t\t\t\t\t\t\t\t\t\t<img decoding=\"async\" width=\"640\" height=\"869\" src=\"https:\/\/www.domama.ro\/wp\/wp-content\/uploads\/2023\/10\/raluca-chirila-01.jpg\" class=\"attachment-full size-full wp-image-3680\" alt=\"\" srcset=\"https:\/\/www.domama.ro\/wp\/wp-content\/uploads\/2023\/10\/raluca-chirila-01.jpg 640w, https:\/\/www.domama.ro\/wp\/wp-content\/uploads\/2023\/10\/raluca-chirila-01-221x300.jpg 221w, https:\/\/www.domama.ro\/wp\/wp-content\/uploads\/2023\/10\/raluca-chirila-01-600x815.jpg 600w\" sizes=\"(max-width: 640px) 100vw, 640px\" \/>\t\t\t\t\t\t\t\t\t\t\t\t\t\t\t<\/div>\n\t\t\t\t<\/div>\n\t\t\t\t\t<\/div>\n\t\t<\/div>\n\t\t\t\t<div class=\"elementor-column elementor-col-25 elementor-top-column elementor-element elementor-element-df5c964\" data-id=\"df5c964\" data-element_type=\"column\" data-e-type=\"column\">\n\t\t\t<div class=\"elementor-widget-wrap elementor-element-populated\">\n\t\t\t\t\t\t<div class=\"elementor-element elementor-element-96690ad elementor-widget elementor-widget-image\" data-id=\"96690ad\" data-element_type=\"widget\" data-e-type=\"widget\" data-widget_type=\"image.default\">\n\t\t\t\t<div class=\"elementor-widget-container\">\n\t\t\t\t\t\t\t\t\t\t\t\t\t\t\t<img loading=\"lazy\" decoding=\"async\" width=\"640\" height=\"869\" src=\"https:\/\/www.domama.ro\/wp\/wp-content\/uploads\/2023\/10\/raluca-chirila-02.jpg\" class=\"attachment-full size-full wp-image-3681\" alt=\"\" srcset=\"https:\/\/www.domama.ro\/wp\/wp-content\/uploads\/2023\/10\/raluca-chirila-02.jpg 640w, https:\/\/www.domama.ro\/wp\/wp-content\/uploads\/2023\/10\/raluca-chirila-02-221x300.jpg 221w, https:\/\/www.domama.ro\/wp\/wp-content\/uploads\/2023\/10\/raluca-chirila-02-600x815.jpg 600w\" sizes=\"(max-width: 640px) 100vw, 640px\" \/>\t\t\t\t\t\t\t\t\t\t\t\t\t\t\t<\/div>\n\t\t\t\t<\/div>\n\t\t\t\t\t<\/div>\n\t\t<\/div>\n\t\t\t\t<div class=\"elementor-column elementor-col-25 elementor-top-column elementor-element elementor-element-3dadc93\" data-id=\"3dadc93\" data-element_type=\"column\" data-e-type=\"column\">\n\t\t\t<div class=\"elementor-widget-wrap elementor-element-populated\">\n\t\t\t\t\t\t<div class=\"elementor-element elementor-element-dcc2e37 elementor-widget elementor-widget-image\" data-id=\"dcc2e37\" data-element_type=\"widget\" data-e-type=\"widget\" data-widget_type=\"image.default\">\n\t\t\t\t<div class=\"elementor-widget-container\">\n\t\t\t\t\t\t\t\t\t\t\t\t\t\t\t<img loading=\"lazy\" decoding=\"async\" width=\"640\" height=\"869\" src=\"https:\/\/www.domama.ro\/wp\/wp-content\/uploads\/2023\/10\/foto-am-03-1.jpg\" class=\"attachment-full size-full wp-image-3660\" alt=\"\" srcset=\"https:\/\/www.domama.ro\/wp\/wp-content\/uploads\/2023\/10\/foto-am-03-1.jpg 640w, https:\/\/www.domama.ro\/wp\/wp-content\/uploads\/2023\/10\/foto-am-03-1-221x300.jpg 221w, https:\/\/www.domama.ro\/wp\/wp-content\/uploads\/2023\/10\/foto-am-03-1-600x815.jpg 600w\" sizes=\"(max-width: 640px) 100vw, 640px\" \/>\t\t\t\t\t\t\t\t\t\t\t\t\t\t\t<\/div>\n\t\t\t\t<\/div>\n\t\t\t\t\t<\/div>\n\t\t<\/div>\n\t\t\t\t<div class=\"elementor-column elementor-col-25 elementor-top-column elementor-element elementor-element-8352bf3\" data-id=\"8352bf3\" data-element_type=\"column\" data-e-type=\"column\">\n\t\t\t<div class=\"elementor-widget-wrap elementor-element-populated\">\n\t\t\t\t\t\t<div class=\"elementor-element elementor-element-5c9465d elementor-widget elementor-widget-image\" data-id=\"5c9465d\" data-element_type=\"widget\" data-e-type=\"widget\" data-widget_type=\"image.default\">\n\t\t\t\t<div class=\"elementor-widget-container\">\n\t\t\t\t\t\t\t\t\t\t\t\t\t\t\t<img loading=\"lazy\" decoding=\"async\" width=\"640\" height=\"869\" src=\"https:\/\/www.domama.ro\/wp\/wp-content\/uploads\/2023\/10\/foto-am-04.jpg\" class=\"attachment-full size-full wp-image-3664\" alt=\"\" srcset=\"https:\/\/www.domama.ro\/wp\/wp-content\/uploads\/2023\/10\/foto-am-04.jpg 640w, https:\/\/www.domama.ro\/wp\/wp-content\/uploads\/2023\/10\/foto-am-04-221x300.jpg 221w, https:\/\/www.domama.ro\/wp\/wp-content\/uploads\/2023\/10\/foto-am-04-600x815.jpg 600w\" sizes=\"(max-width: 640px) 100vw, 640px\" \/>\t\t\t\t\t\t\t\t\t\t\t\t\t\t\t<\/div>\n\t\t\t\t<\/div>\n\t\t\t\t\t<\/div>\n\t\t<\/div>\n\t\t\t\t\t<\/div>\n\t\t<\/section>\n\t\t\t\t<section class=\"elementor-section elementor-top-section elementor-element elementor-element-8b062c3 elementor-section-boxed elementor-section-height-default elementor-section-height-default wpr-particle-no wpr-jarallax-no wpr-parallax-no wpr-sticky-section-no wpr-column-slider-no wpr-equal-height-no\" data-id=\"8b062c3\" data-element_type=\"section\" data-e-type=\"section\">\n\t\t\t\t\t\t<div class=\"elementor-container elementor-column-gap-default\">\n\t\t\t\t\t<div class=\"elementor-column elementor-col-100 elementor-top-column elementor-element elementor-element-b619d62\" data-id=\"b619d62\" data-element_type=\"column\" data-e-type=\"column\">\n\t\t\t<div class=\"elementor-widget-wrap elementor-element-populated\">\n\t\t\t\t\t\t<div class=\"elementor-element elementor-element-bab359a elementor-widget-divider--view-line elementor-widget elementor-widget-divider\" data-id=\"bab359a\" data-element_type=\"widget\" data-e-type=\"widget\" data-widget_type=\"divider.default\">\n\t\t\t\t<div class=\"elementor-widget-container\">\n\t\t\t\t\t\t\t<div class=\"elementor-divider\">\n\t\t\t<span class=\"elementor-divider-separator\">\n\t\t\t\t\t\t<\/span>\n\t\t<\/div>\n\t\t\t\t\t\t<\/div>\n\t\t\t\t<\/div>\n\t\t\t\t\t<\/div>\n\t\t<\/div>\n\t\t\t\t\t<\/div>\n\t\t<\/section>\n\t\t\t\t<section class=\"elementor-section elementor-top-section elementor-element elementor-element-8a5d572 elementor-section-boxed elementor-section-height-default elementor-section-height-default wpr-particle-no wpr-jarallax-no wpr-parallax-no wpr-sticky-section-no wpr-column-slider-no wpr-equal-height-no\" data-id=\"8a5d572\" data-element_type=\"section\" data-e-type=\"section\">\n\t\t\t\t\t\t<div class=\"elementor-container elementor-column-gap-default\">\n\t\t\t\t\t<div class=\"elementor-column elementor-col-100 elementor-top-column elementor-element elementor-element-ae2492f\" data-id=\"ae2492f\" data-element_type=\"column\" data-e-type=\"column\">\n\t\t\t<div class=\"elementor-widget-wrap elementor-element-populated\">\n\t\t\t\t\t\t<div class=\"elementor-element elementor-element-b38e66d elementor-widget elementor-widget-heading\" data-id=\"b38e66d\" data-element_type=\"widget\" data-e-type=\"widget\" data-widget_type=\"heading.default\">\n\t\t\t\t<div class=\"elementor-widget-container\">\n\t\t\t\t\t<h3 class=\"elementor-heading-title elementor-size-default\">Urm\u0103re\u0219te-m\u0103 pe:<\/h3>\t\t\t\t<\/div>\n\t\t\t\t<\/div>\n\t\t\t\t\t<\/div>\n\t\t<\/div>\n\t\t\t\t\t<\/div>\n\t\t<\/section>\n\t\t\t\t<section class=\"elementor-section elementor-top-section elementor-element elementor-element-564c182 elementor-section-boxed elementor-section-height-default elementor-section-height-default wpr-particle-no wpr-jarallax-no wpr-parallax-no wpr-sticky-section-no wpr-column-slider-no wpr-equal-height-no\" data-id=\"564c182\" data-element_type=\"section\" data-e-type=\"section\">\n\t\t\t\t\t\t<div class=\"elementor-container elementor-column-gap-default\">\n\t\t\t\t\t<div class=\"elementor-column elementor-col-100 elementor-top-column elementor-element elementor-element-824c694\" data-id=\"824c694\" data-element_type=\"column\" data-e-type=\"column\">\n\t\t\t<div class=\"elementor-widget-wrap elementor-element-populated\">\n\t\t\t\t\t\t<div class=\"elementor-element elementor-element-8bd9c6b elementor-icon-list--layout-inline elementor-align-center elementor-list-item-link-full_width elementor-widget elementor-widget-icon-list\" data-id=\"8bd9c6b\" data-element_type=\"widget\" data-e-type=\"widget\" data-widget_type=\"icon-list.default\">\n\t\t\t\t<div class=\"elementor-widget-container\">\n\t\t\t\t\t\t\t<ul class=\"elementor-icon-list-items elementor-inline-items\">\n\t\t\t\t\t\t\t<li class=\"elementor-icon-list-item elementor-inline-item\">\n\t\t\t\t\t\t\t\t\t\t\t<a href=\"https:\/\/www.facebook.com\/chirila.raluca\">\n\n\t\t\t\t\t\t\t\t\t\t\t\t<span class=\"elementor-icon-list-icon\">\n\t\t\t\t\t\t\t<i aria-hidden=\"true\" class=\"fab fa-facebook-square\"><\/i>\t\t\t\t\t\t<\/span>\n\t\t\t\t\t\t\t\t\t\t<span class=\"elementor-icon-list-text\">Facebook<\/span>\n\t\t\t\t\t\t\t\t\t\t\t<\/a>\n\t\t\t\t\t\t\t\t\t<\/li>\n\t\t\t\t\t\t\t\t<li class=\"elementor-icon-list-item elementor-inline-item\">\n\t\t\t\t\t\t\t\t\t\t\t<a href=\"https:\/\/www.instagram.com\/chirila_raluca?igshid=OGQ5ZDc2ODk2ZA%3D%3D&#038;fbclid=IwAR1OjURIEDPG8R9BPy50wcTo4vTNaqh8fE4xPEZ55IuNmzEBEScFpOEBsbI\">\n\n\t\t\t\t\t\t\t\t\t\t\t\t<span class=\"elementor-icon-list-icon\">\n\t\t\t\t\t\t\t<i aria-hidden=\"true\" class=\"fab fa-instagram\"><\/i>\t\t\t\t\t\t<\/span>\n\t\t\t\t\t\t\t\t\t\t<span class=\"elementor-icon-list-text\">Instagram<\/span>\n\t\t\t\t\t\t\t\t\t\t\t<\/a>\n\t\t\t\t\t\t\t\t\t<\/li>\n\t\t\t\t\t\t<\/ul>\n\t\t\t\t\t\t<\/div>\n\t\t\t\t<\/div>\n\t\t\t\t\t<\/div>\n\t\t<\/div>\n\t\t\t\t\t<\/div>\n\t\t<\/section>\n\t\t\t\t<section class=\"elementor-section elementor-top-section elementor-element elementor-element-f087f0a elementor-section-boxed elementor-section-height-default elementor-section-height-default wpr-particle-no wpr-jarallax-no wpr-parallax-no wpr-sticky-section-no wpr-column-slider-no wpr-equal-height-no\" data-id=\"f087f0a\" data-element_type=\"section\" data-e-type=\"section\">\n\t\t\t\t\t\t<div class=\"elementor-container elementor-column-gap-default\">\n\t\t\t\t\t<div class=\"elementor-column elementor-col-100 elementor-top-column elementor-element elementor-element-cfa2a45\" data-id=\"cfa2a45\" data-element_type=\"column\" data-e-type=\"column\">\n\t\t\t<div class=\"elementor-widget-wrap elementor-element-populated\">\n\t\t\t\t\t\t<div class=\"elementor-element elementor-element-ecee986 elementor-widget-divider--view-line elementor-widget elementor-widget-divider\" data-id=\"ecee986\" data-element_type=\"widget\" data-e-type=\"widget\" data-widget_type=\"divider.default\">\n\t\t\t\t<div class=\"elementor-widget-container\">\n\t\t\t\t\t\t\t<div class=\"elementor-divider\">\n\t\t\t<span class=\"elementor-divider-separator\">\n\t\t\t\t\t\t<\/span>\n\t\t<\/div>\n\t\t\t\t\t\t<\/div>\n\t\t\t\t<\/div>\n\t\t\t\t<div class=\"elementor-element elementor-element-6c5f674 elementor-widget elementor-widget-copyright\" data-id=\"6c5f674\" data-element_type=\"widget\" data-e-type=\"widget\" data-settings=\"{&quot;align&quot;:&quot;center&quot;}\" data-widget_type=\"copyright.default\">\n\t\t\t\t<div class=\"elementor-widget-container\">\n\t\t\t\t\t\t\t<div class=\"hfe-copyright-wrapper\">\n\t\t\t\t\t\t\t<span>Copyright \u00a9 2026 Domama<\/span>\n\t\t\t\t\t<\/div>\n\t\t\t\t\t\t<\/div>\n\t\t\t\t<\/div>\n\t\t\t\t\t<\/div>\n\t\t<\/div>\n\t\t\t\t\t<\/div>\n\t\t<\/section>\n\t\t\t\t<\/div>\n\t\t","protected":false},"excerpt":{"rendered":"<p>Educator \u00een Aromaterapie d\u014dTERRA Violonist\u0103, instructoare de fitness, iubitoare de uleiuri esen\u021biale doTerra, z\u00e2mbitoare \u0219i sociabil\u0103, \u00eencrez\u0103toare c\u0103 pot, dar \u0219i c\u0103 voi pute\u021bi s\u0103 ave\u021bi via\u021ba pe care o dori\u021bi Profil d\u014dTERRA\u00a0 \u00a0|\u00a0 Articole\u00a0 | ID doTERRA: 3883098 Bine ai venit! Bun\u0103 dragilor, numele meu este Chirila Raluca! Acesta este spa\u021biul meu dedicat \u00een care am g\u0103sit modali\u021b\u0103\u021bi unice de a combina aceste pasiuni si de a aduce beneficii semnificative lumii din jurul meu. Obiectivul meu este de a te ajuta sa te men\u021bii s\u0103n\u0103tos, de a-\u021bi \u00eembun\u0103t\u0103\u021bi condi\u021bia fizic\u0103 pentru a te sim\u021bi bine in propriul corp. \u00ce\u021bi voi insufla entuziasmul, bucuria pentru mi\u0219care \u0219i te voi ajuta s\u0103 \u021bi descoperi adev\u0103ratul poten\u021bial! Muzica face parte din via\u021ba mea. Aceasta \u00eei d\u0103 o not\u0103 de pasiune, frumuse\u021be \u0219i m\u0103 ajut\u0103 s\u0103 m\u0103 conectez la emo\u021bii profunde! Ca violonist\u0103 sper s\u0103 v\u0103 pot inspira prin sunete \u0219i aceast\u0103 muzic\u0103 minunat\u0103. Prin pasiunea mea pentru uleiurile esen\u021biale Doterra am descoperit puterea naturii de a sus\u021bine s\u0103n\u0103tatea \u0219i bun\u0103starea noastr\u0103. \u00cemi doresc s\u0103 \u00eemparta\u0219esc aceste pasiuni \u0219i cuno\u0219tin\u021be cu voi, oferindu v\u0103 produse de cea mai \u00eenalt\u0103 calitate \u0219i sfaturi utile. \u00cempreun\u0103 ne putem transforma vie\u021bile aduc\u00e2nd frumuse\u021be si armonie in jurul nostru. V\u0103 invit sa explora\u021bi paginile mele \u0219i s\u0103 v\u0103 al\u0103tura\u021bi acestei c\u0103l\u0103torii minunate c\u0103tre s\u0103n\u0103tate, echilibru \u0219i muzic\u0103. Cump\u0103r\u0103 Produse doTERRA Urm\u0103re\u0219te-m\u0103 pe: Facebook Instagram Copyright \u00a9 Domama<\/p>\n","protected":false},"author":1,"featured_media":0,"parent":0,"menu_order":0,"comment_status":"closed","ping_status":"closed","template":"elementor_canvas","meta":{"footnotes":""},"class_list":["post-3668","page","type-page","status-publish","hentry"],"_links":{"self":[{"href":"https:\/\/www.domama.ro\/wp\/wp-json\/wp\/v2\/pages\/3668"}],"collection":[{"href":"https:\/\/www.domama.ro\/wp\/wp-json\/wp\/v2\/pages"}],"about":[{"href":"https:\/\/www.domama.ro\/wp\/wp-json\/wp\/v2\/types\/page"}],"author":[{"embeddable":true,"href":"https:\/\/www.domama.ro\/wp\/wp-json\/wp\/v2\/users\/1"}],"replies":[{"embeddable":true,"href":"https:\/\/www.domama.ro\/wp\/wp-json\/wp\/v2\/comments?post=3668"}],"version-history":[{"count":13,"href":"https:\/\/www.domama.ro\/wp\/wp-json\/wp\/v2\/pages\/3668\/revisions"}],"predecessor-version":[{"id":3684,"href":"https:\/\/www.domama.ro\/wp\/wp-json\/wp\/v2\/pages\/3668\/revisions\/3684"}],"wp:attachment":[{"href":"https:\/\/www.domama.ro\/wp\/wp-json\/wp\/v2\/media?parent=3668"}],"curies":[{"name":"wp","href":"https:\/\/api.w.org\/{rel}","templated":true}]}}